{"id":75,"date":"2023-01-09T10:55:40","date_gmt":"2023-01-09T10:55:40","guid":{"rendered":"http:\/\/www.colab.com.tr\/?page_id=75"},"modified":"2023-04-06T09:50:01","modified_gmt":"2023-04-06T09:50:01","slug":"hizmetlerimiz","status":"publish","type":"page","link":"http:\/\/www.colab.com.tr\/?page_id=75","title":{"rendered":"Hizmetlerimiz"},"content":{"rendered":"\n<p class=\"has-text-align-center\"><strong>M\u00fc\u015fterilerimizin memnuniyetini en \u00fcst seviyede tutabilmek, m\u00fc\u015fteri yelpazesini yetkinlik ve g\u00fcvenilirlik ilkeleriyle geni\u015fletebilmek \u00fczere ihtiya\u00e7lar\u0131 en kaliteli \u015fekilde kar\u015f\u0131layaca\u011f\u0131 y\u00f6ntemleri g\u00f6zden ge\u00e7irerek s\u00fcrekli iyile\u015ftiriyoruz. Ayr\u0131ca zaman\u0131nda teslim ve etkin proje y\u00f6netiminden de taviz vermiyoruz.<\/strong><\/p>\n\n\n\n<div class=\"wp-block-media-text alignfull is-stacked-on-mobile has-background\" style=\"background-color:#27808c1f;grid-template-columns:37% auto\"><figure class=\"wp-block-media-text__media\"><img loading=\"lazy\" decoding=\"async\" width=\"624\" height=\"328\" src=\"http:\/\/www.colab.com.tr\/wp-content\/uploads\/2023\/04\/dgtl.jpg\" alt=\"\" class=\"wp-image-120 size-full\" srcset=\"http:\/\/www.colab.com.tr\/wp-content\/uploads\/2023\/04\/dgtl.jpg 624w, http:\/\/www.colab.com.tr\/wp-content\/uploads\/2023\/04\/dgtl-300x158.jpg 300w\" sizes=\"auto, (max-width: 624px) 100vw, 624px\" \/><\/figure><div class=\"wp-block-media-text__content\">\n<p class=\"has-big-font-size\"><strong>Dijital D\u00f6n\u00fc\u015f\u00fcm Dan\u0131\u015fmanl\u0131k Hizmeti<\/strong><\/p>\n\n\n\n<p>Kurum veya firman\u0131z\u0131n, dijitalle\u015fme seviyesinin tespit edilerek, dijital d\u00f6n\u00fc\u015f\u00fcm i\u00e7in gerekli strateji ve yol haritas\u0131n\u0131n belirlenmesi, ihtiya\u00e7lara y\u00f6nelik projelerin \u00f6nerilmesi firmam\u0131z taraf\u0131ndan sa\u011flanmaktad\u0131r. Verdi\u011fimiz dan\u0131\u015fmanl\u0131k hizmetiyle;<\/p>\n\n\n\n<ul class=\"wp-block-list\">\n<li> S\u00fcrd\u00fcr\u00fclebilir k\u00fclt\u00fcr ile verimlilikte art\u0131\u015f sa\u011fl\u0131yoruz,<\/li>\n\n\n\n<li> \u0130\u015finizi gelece\u011fe ta\u015f\u0131yoruz,<\/li>\n\n\n\n<li> Dijital d\u00f6n\u00fc\u015f\u00fcm yolculu\u011funda do\u011fru noktadan ba\u015flaman\u0131z\u0131 sa\u011fl\u0131yoruz,<\/li>\n\n\n\n<li> Daha sa\u011flam bir temelle y\u00fckselmenizi destekliyoruz<\/li>\n<\/ul>\n<\/div><\/div>\n\n\n\n<div class=\"wp-block-media-text alignfull has-media-on-the-right is-stacked-on-mobile\" style=\"grid-template-columns:auto 29%\"><div class=\"wp-block-media-text__content\">\n<p class=\"has-big-font-size\"><strong>Proje ve S\u00fcre\u00e7 Y\u00f6netimi<\/strong><\/p>\n\n\n\n<p>Proje ve S\u00fcre\u00e7 Y\u00f6netimi ba\u015fl\u0131\u011f\u0131nda, firmalar\u0131n i\u015f s\u00fcre\u00e7lerinin analiz edilmesi,s\u00fcre\u00e7lerde verimlik art\u0131\u015f\u0131 sa\u011flanmas\u0131, BT Dan\u0131\u015fmanl\u0131\u011f\u0131, bir b\u00fct\u00fcn\u00fc olu\u015fturan mod\u00fcllerin titizlikle de\u011ferlendirilmesi ve uygulanmas\u0131yla hayata ge\u00e7iriyoruz.<\/p>\n<\/div><figure class=\"wp-block-media-text__media\"><img loading=\"lazy\" decoding=\"async\" width=\"562\" height=\"372\" src=\"https:\/\/www.colab.com.tr\/wp-content\/uploads\/2023\/01\/pm.jpg\" alt=\"\" class=\"wp-image-77 size-full\" srcset=\"http:\/\/www.colab.com.tr\/wp-content\/uploads\/2023\/01\/pm.jpg 562w, http:\/\/www.colab.com.tr\/wp-content\/uploads\/2023\/01\/pm-300x199.jpg 300w\" sizes=\"auto, (max-width: 562px) 100vw, 562px\" \/><\/figure><\/div>\n\n\n\n<div class=\"wp-block-media-text alignfull has-media-on-the-right is-stacked-on-mobile has-background\" style=\"background-color:#c74a7317;grid-template-columns:auto 29%\"><div class=\"wp-block-media-text__content\">\n<p class=\"has-big-font-size\"><strong>Yaz\u0131l\u0131m Geli\u015ftirme ve Uygulama<\/strong><\/p>\n\n\n\n<p>\u015eirketlerin kurumsal yaz\u0131l\u0131m ihtiya\u00e7lar\u0131n\u0131 ele al\u0131p teknolojik trendler do\u011frultusunda standartlara uygun olarak geli\u015ftiriyoruz. \u0130\u00e7 ve d\u0131\u015f sistemlerle entegrasyonu sa\u011flayarak; test, sistem ve kullan\u0131c\u0131 kabul testlerine destek verilmesi ve \u00fcretim ortam\u0131na al\u0131nmas\u0131yla ilgili hizmetleri sunarak yaz\u0131l\u0131m bak\u0131m\u0131n\u0131 ger\u00e7ekle\u015ftiriyoruz. Ayr\u0131ca temel i\u015f s\u00fcre\u00e7lerinin otomasyonunu sa\u011fl\u0131yor ve t\u00fcm \u015firketlerde kullan\u0131labilecek ortak paket yaz\u0131l\u0131mlar haz\u0131rl\u0131yoruz.<\/p>\n<\/div><figure class=\"wp-block-media-text__media\"><img loading=\"lazy\" decoding=\"async\" width=\"456\" height=\"257\" src=\"https:\/\/www.colab.com.tr\/wp-content\/uploads\/2023\/01\/sw-2.jpg\" alt=\"\" class=\"wp-image-79 size-full\" srcset=\"http:\/\/www.colab.com.tr\/wp-content\/uploads\/2023\/01\/sw-2.jpg 456w, http:\/\/www.colab.com.tr\/wp-content\/uploads\/2023\/01\/sw-2-300x169.jpg 300w\" sizes=\"auto, (max-width: 456px) 100vw, 456px\" \/><\/figure><\/div>\n\n\n\n<div class=\"wp-block-media-text alignfull is-stacked-on-mobile\" style=\"grid-template-columns:37% auto\"><figure class=\"wp-block-media-text__media\"><img loading=\"lazy\" decoding=\"async\" width=\"406\" height=\"307\" src=\"https:\/\/www.colab.com.tr\/wp-content\/uploads\/2023\/01\/dvlp-1.jpg\" alt=\"\" class=\"wp-image-88 size-full\" srcset=\"http:\/\/www.colab.com.tr\/wp-content\/uploads\/2023\/01\/dvlp-1.jpg 406w, http:\/\/www.colab.com.tr\/wp-content\/uploads\/2023\/01\/dvlp-1-300x227.jpg 300w\" sizes=\"auto, (max-width: 406px) 100vw, 406px\" \/><\/figure><div class=\"wp-block-media-text__content\">\n<p class=\"has-big-font-size\"><strong>\u0130\u015f Dan\u0131\u015fmanl\u0131\u011f\u0131<\/strong><\/p>\n\n\n\n<p>Yarat\u0131c\u0131 \u00e7\u00f6z\u00fcmlerimizle; m\u00fc\u015fterilerimizin i\u015f s\u00fcre\u00e7lerini iyile\u015ftiren yarat\u0131c\u0131 \u00e7\u00f6z\u00fcmler sunuyor ve hayat\u0131 kolayla\u015ft\u0131ran yenilikler tasarl\u0131yoruz.<\/p>\n\n\n\n<p>M\u00fc\u015fterilerimizin, i\u015f geli\u015ftirme ve y\u00fcksek y\u00f6netim performans\u0131 sergileme hedefleri do\u011frultusunda, teknolojik \u00e7\u00f6z\u00fcmleri ara\u015ft\u0131rarak, i\u015f hedefleriyle uyumlu projeler ve s\u00fcre\u00e7ler \u00f6neriyoruz.<\/p>\n\n\n\n<p>M\u00fc\u015fterilerimize teknoloji rehberli\u011fi yap\u0131yor; bu teknolojik uygulamalar\u0131 kurumsal ve sekt\u00f6rel butik yaz\u0131l\u0131mlar, internet ve mobil uygulamalar, i\u015f zek\u00e2s\u0131 uygulamalar\u0131 ve benzeri pek \u00e7ok BT uzmanl\u0131k faaliyetleri ve deste\u011fiyle hayata ge\u00e7iriyoruz.<\/p>\n<\/div><\/div>\n\n\n\n<div class=\"wp-block-media-text alignfull has-media-on-the-right is-stacked-on-mobile has-background\" style=\"background-color:#99999917;grid-template-columns:auto 29%\"><div class=\"wp-block-media-text__content\">\n<p class=\"has-big-font-size\"><strong>Mobil Uygulama Geli\u015ftirme ve Uygulama<\/strong><\/p>\n\n\n\n<p>\u015eirketlerin mobil alandaki ihtiya\u00e7lar\u0131n\u0131 kar\u015f\u0131layan Mobil Uygulama Geli\u015ftirme hizmeti \u00e7er\u00e7evesinde&nbsp;&nbsp; teknolojideki geli\u015fmeleri ve de\u011fi\u015fen i\u015f ihtiya\u00e7lar\u0131n\u0131 detayl\u0131 bir \u015fekilde analiz ediyoruz. \u015eirketimizdeki di\u011fer ekipler taraf\u0131ndan iletilen mobil yaz\u0131l\u0131m ihtiya\u00e7lar\u0131n\u0131, \u015firket standartlar\u0131na uygun olarak tasarl\u0131yor, kodluyor ve birim testlerini yap\u0131yoruz. Sistem ve kullan\u0131c\u0131 kabul testlerine destek vererek, \u00fcretim ortam\u0131na al\u0131nmas\u0131yla ilgili hizmetleri veriyoruz<\/p>\n<\/div><figure class=\"wp-block-media-text__media\"><img loading=\"lazy\" decoding=\"async\" width=\"439\" height=\"357\" src=\"https:\/\/www.colab.com.tr\/wp-content\/uploads\/2023\/01\/mob.jpg\" alt=\"\" class=\"wp-image-82 size-full\" srcset=\"http:\/\/www.colab.com.tr\/wp-content\/uploads\/2023\/01\/mob.jpg 439w, http:\/\/www.colab.com.tr\/wp-content\/uploads\/2023\/01\/mob-300x244.jpg 300w\" sizes=\"auto, (max-width: 439px) 100vw, 439px\" \/><\/figure><\/div>\n\n\n\n<div class=\"wp-block-media-text alignfull has-media-on-the-right is-stacked-on-mobile\" style=\"grid-template-columns:auto 29%\"><div class=\"wp-block-media-text__content\">\n<p class=\"has-big-font-size\"><strong>\u0130\u015f Zekas\u0131 ve Raporlama Uygulamalar\u0131<\/strong><\/p>\n\n\n\n<p>\u0130\u015f Zek\u00e2s\u0131 ve Raporlama kapsam\u0131nda t\u00fcm \u00e7al\u0131\u015fmalar\u0131n\u0131z\u0131 titizlikle ele al\u0131yoruz. Bu kapsamda operasyonel raporlama, veri ambar\u0131 tasar\u0131m\u0131 ve geli\u015ftirmeleri, i\u015f s\u00fcre\u00e7lerinin tasarlanmas\u0131, i\u015f zek\u00e2s\u0131 \u00e7\u00f6z\u00fcmleri, Dashboard uygulamalar\u0131n\u0131n ihtiya\u00e7 analizini, tasar\u0131m\u0131n\u0131 ve geli\u015ftirmesini yap\u0131yoruz.<\/p>\n<\/div><figure class=\"wp-block-media-text__media\"><img loading=\"lazy\" decoding=\"async\" width=\"409\" height=\"263\" src=\"https:\/\/www.colab.com.tr\/wp-content\/uploads\/2023\/01\/bc-2.jpg\" alt=\"\" class=\"wp-image-84 size-full\" srcset=\"http:\/\/www.colab.com.tr\/wp-content\/uploads\/2023\/01\/bc-2.jpg 409w, http:\/\/www.colab.com.tr\/wp-content\/uploads\/2023\/01\/bc-2-300x193.jpg 300w\" sizes=\"auto, (max-width: 409px) 100vw, 409px\" \/><\/figure><\/div>\n\n\n\n<div class=\"wp-block-media-text alignfull is-stacked-on-mobile has-background\" style=\"background-color:#30b4d917;grid-template-columns:36% auto\"><figure class=\"wp-block-media-text__media\"><img loading=\"lazy\" decoding=\"async\" width=\"456\" height=\"257\" src=\"https:\/\/www.colab.com.tr\/wp-content\/uploads\/2023\/01\/sw-3.jpg\" alt=\"\" class=\"wp-image-89 size-full\" srcset=\"http:\/\/www.colab.com.tr\/wp-content\/uploads\/2023\/01\/sw-3.jpg 456w, http:\/\/www.colab.com.tr\/wp-content\/uploads\/2023\/01\/sw-3-300x169.jpg 300w\" sizes=\"auto, (max-width: 456px) 100vw, 456px\" \/><\/figure><div class=\"wp-block-media-text__content\">\n<p class=\"has-big-font-size\"><strong>Yaz\u0131l\u0131m M\u00fchendisli\u011fi<\/strong><\/p>\n\n\n\n<p>G\u00fcncel yaz\u0131l\u0131m teknolojilerini ve yaz\u0131l\u0131m m\u00fchendisli\u011finin en iyi pratiklerini kullan\u0131yor; kurumsal uygulamalar, web uygulamalar\u0131 ve mobil uygulamalar geli\u015ftirip, y\u00f6netiyoruz.<\/p>\n\n\n\n<p>M\u00fc\u015fteri memnuniyetini \u00f6n planda tutan kadromuzla, bilgi birikimimizi ve sekt\u00f6rel operasyon deneyimimizi&nbsp; \u00fcr\u00fcnlerimize yans\u0131t\u0131yoruz.<\/p>\n\n\n\n<p>Amacm\u0131z, m\u00fc\u015fterilerimizin ihtiya\u00e7lar\u0131na en uygun \u00fcr\u00fcnleri geli\u015ftirmek ve m\u00fc\u015fteri memnuniyetini sa\u011flamakd\u0131r.<\/p>\n<\/div><\/div>\n\n\n\n<div class=\"wp-block-media-text alignfull has-media-on-the-right is-stacked-on-mobile\" style=\"grid-template-columns:auto 29%\"><div class=\"wp-block-media-text__content\">\n<p class=\"has-big-font-size\"><strong>\u0130nteraktif Projeler<\/strong><\/p>\n\n\n\n<p>COLAB olarak \u015firketlerin ihtiya\u00e7lar\u0131 do\u011frultusunda her t\u00fcrl\u00fc interaktif projeyi hayata ge\u00e7iriyoruz. Yeni mecralar\u0131, d\u00fcnyadaki sekt\u00f6r\/sekt\u00f6r d\u0131\u015f\u0131 yenilikleri takip ediyor; m\u00fc\u015fteriye etkin online eri\u015fim y\u00f6ntemlerini ara\u015ft\u0131r\u0131yor ve uyguluyoruz. \u015eirketlerden gelen talepler do\u011frultusunda ihtiya\u00e7lar\u0131 kar\u015f\u0131layacak interaktif \u00e7\u00f6z\u00fcmler sunmakla birlikte bu \u00e7\u00f6z\u00fcmleri uygun stratejilerle projelendiriyor ve \u00f6nerilen projelerin uygulanabilirli\u011fini denetliyoruz.<\/p>\n<\/div><figure class=\"wp-block-media-text__media\"><img loading=\"lazy\" decoding=\"async\" width=\"540\" height=\"441\" src=\"https:\/\/www.colab.com.tr\/wp-content\/uploads\/2023\/01\/intatv-1.jpg\" alt=\"\" class=\"wp-image-85 size-full\" srcset=\"http:\/\/www.colab.com.tr\/wp-content\/uploads\/2023\/01\/intatv-1.jpg 540w, http:\/\/www.colab.com.tr\/wp-content\/uploads\/2023\/01\/intatv-1-300x245.jpg 300w\" sizes=\"auto, (max-width: 540px) 100vw, 540px\" \/><\/figure><\/div>\n\n\n\n<div class=\"wp-block-media-text alignfull has-media-on-the-right is-stacked-on-mobile has-background\" style=\"background-color:#fffd6b26;grid-template-columns:auto 29%\"><div class=\"wp-block-media-text__content\">\n<p class=\"has-big-font-size\"><strong>Microsoft Hizmetleri<\/strong><\/p>\n\n\n\n<p>COLAB olarak; CRM, Saha Hizmetleri, Mobil \u00c7\u00f6z\u00fcmler, \u00dcr\u00fcn, Stok, Lojistik, Sat\u0131\u015f, Sat\u0131nalma, Varl\u0131k Y\u00f6netimi gibi kurumsal s\u00fcre\u00e7 ihtiya\u00e7lar\u0131n\u0131 belirliyoruz. Microsoft .NET platformu \u00fczerinde tasar\u0131m ve geli\u015ftirmeleri ger\u00e7ekle\u015ftirip uygulamaya al\u0131yoruz.<\/p>\n<\/div><figure class=\"wp-block-media-text__media\"><img loading=\"lazy\" decoding=\"async\" width=\"494\" height=\"496\" src=\"https:\/\/www.colab.com.tr\/wp-content\/uploads\/2023\/01\/mcsft.jpg\" alt=\"\" class=\"wp-image-86 size-full\" srcset=\"http:\/\/www.colab.com.tr\/wp-content\/uploads\/2023\/01\/mcsft.jpg 494w, http:\/\/www.colab.com.tr\/wp-content\/uploads\/2023\/01\/mcsft-300x300.jpg 300w, http:\/\/www.colab.com.tr\/wp-content\/uploads\/2023\/01\/mcsft-150x150.jpg 150w\" sizes=\"auto, (max-width: 494px) 100vw, 494px\" \/><\/figure><\/div>\n\n\n\n<div class=\"wp-block-media-text alignfull is-stacked-on-mobile\" style=\"grid-template-columns:37% auto\"><figure class=\"wp-block-media-text__media\"><img loading=\"lazy\" decoding=\"async\" width=\"438\" height=\"258\" src=\"https:\/\/www.colab.com.tr\/wp-content\/uploads\/2023\/01\/dm-1.jpg\" alt=\"\" class=\"wp-image-90 size-full\" srcset=\"http:\/\/www.colab.com.tr\/wp-content\/uploads\/2023\/01\/dm-1.jpg 438w, http:\/\/www.colab.com.tr\/wp-content\/uploads\/2023\/01\/dm-1-300x177.jpg 300w\" sizes=\"auto, (max-width: 438px) 100vw, 438px\" \/><\/figure><div class=\"wp-block-media-text__content\">\n<p class=\"has-big-font-size\"><strong>Veri Y\u00f6netimi<\/strong><\/p>\n\n\n\n<p>Kurumunuza ait verilerin geni\u015f ve g\u00fcvenilir imk\u00e2nlarla, optimum \u015fekilde y\u00f6netebilmenizi sa\u011fl\u0131yoruz.<\/p>\n\n\n\n<p>T\u00fcm \u00e7\u00f6z\u00fcmlerimiz, s\u00fcreklilik stratejimiz ve \u00fcst\u00fcn g\u00fcvenlik yakla\u015f\u0131m\u0131m\u0131z do\u011frultusunda hayata ge\u00e7iriliyor.<\/p>\n<\/div><\/div>\n","protected":false},"excerpt":{"rendered":"<p>M\u00fc\u015fterilerimizin memnuniyetini en \u00fcst seviyede tutabilmek, m\u00fc\u015fteri yelpazesini yetkinlik ve g\u00fcvenilirlik ilkeleriyle geni\u015fletebilmek \u00fczere ihtiya\u00e7lar\u0131 [&hellip;]<\/p>\n","protected":false},"author":1,"featured_media":0,"parent":0,"menu_order":0,"comment_status":"closed","ping_status":"closed","template":"","meta":{"footnotes":""},"class_list":["post-75","page","type-page","status-publish","hentry"],"_links":{"self":[{"href":"http:\/\/www.colab.com.tr\/index.php?rest_route=\/wp\/v2\/pages\/75","targetHints":{"allow":["GET"]}}],"collection":[{"href":"http:\/\/www.colab.com.tr\/index.php?rest_route=\/wp\/v2\/pages"}],"about":[{"href":"http:\/\/www.colab.com.tr\/index.php?rest_route=\/wp\/v2\/types\/page"}],"author":[{"embeddable":true,"href":"http:\/\/www.colab.com.tr\/index.php?rest_route=\/wp\/v2\/users\/1"}],"replies":[{"embeddable":true,"href":"http:\/\/www.colab.com.tr\/index.php?rest_route=%2Fwp%2Fv2%2Fcomments&post=75"}],"version-history":[{"count":6,"href":"http:\/\/www.colab.com.tr\/index.php?rest_route=\/wp\/v2\/pages\/75\/revisions"}],"predecessor-version":[{"id":151,"href":"http:\/\/www.colab.com.tr\/index.php?rest_route=\/wp\/v2\/pages\/75\/revisions\/151"}],"wp:attachment":[{"href":"http:\/\/www.colab.com.tr\/index.php?rest_route=%2Fwp%2Fv2%2Fmedia&parent=75"}],"curies":[{"name":"wp","href":"https:\/\/api.w.org\/{rel}","templated":true}]}}