{"id":134,"date":"2023-04-05T22:59:58","date_gmt":"2023-04-05T22:59:58","guid":{"rendered":"http:\/\/www.colab.com.tr\/?page_id=134"},"modified":"2023-04-07T10:03:23","modified_gmt":"2023-04-07T10:03:23","slug":"urunlerimiz","status":"publish","type":"page","link":"http:\/\/www.colab.com.tr\/?page_id=134","title":{"rendered":"\u00dcr\u00fcnlerimiz"},"content":{"rendered":"\n<p class=\"has-text-align-center\"><strong>G\u00fc\u00e7l\u00fc teknolojik ve sekt\u00f6rel operasyon deneyimimizi t\u00fcm \u00fcr\u00fcnlerimize yans\u0131tarak farkl\u0131l\u0131\u011f\u0131m\u0131z\u0131 ortaya koyuyoruz. M\u00fc\u015fterilerimize stratejik i\u015fbirli\u011fi anlay\u0131\u015f\u0131yla hizmet veriyor ve proaktif y\u00f6ntemlerle ihtiya\u00e7lar\u0131n\u0131 saptayarak, y\u00fcksek katma de\u011ferli \u00fcr\u00fcnler geli\u015ftiriyoruz.<\/strong><\/p>\n\n\n\n<div class=\"wp-block-media-text alignfull is-stacked-on-mobile is-vertically-aligned-center has-background\" style=\"background-color:#ff6b9717;grid-template-columns:40% auto\"><figure class=\"wp-block-media-text__media\"><img loading=\"lazy\" decoding=\"async\" width=\"624\" height=\"332\" src=\"http:\/\/www.colab.com.tr\/wp-content\/uploads\/2023\/04\/emz.jpg\" alt=\"\" class=\"wp-image-122 size-full\" srcset=\"http:\/\/www.colab.com.tr\/wp-content\/uploads\/2023\/04\/emz.jpg 624w, http:\/\/www.colab.com.tr\/wp-content\/uploads\/2023\/04\/emz-300x160.jpg 300w\" sizes=\"auto, (max-width: 624px) 100vw, 624px\" \/><\/figure><div class=\"wp-block-media-text__content\">\n<p class=\"has-big-font-size\"><strong>Kolay Elektronik \u0130mza<\/strong><\/p>\n\n\n\n<p>Kurum veya Firmalar\u0131n, i\u015f s\u00fcre\u00e7lerini y\u00f6netirken olu\u015fturduklar\u0131 belgelerin kolay bir \u015fekilde imzalanmas\u0131 sa\u011flanmaktad\u0131r.<\/p>\n\n\n\n<p>S\u00fcre\u00e7 \u015fu \u015fekilde \u00e7al\u0131\u015fmaktad\u0131r.<\/p>\n\n\n\n<ul class=\"wp-block-list\">\n<li> Elektronik \u0130mza ile g\u00f6nderimi yap\u0131lacak olan evra\u011f\u0131n belirlenmesi<\/li>\n\n\n\n<li> S\u00fcreci y\u00f6netecek olan ekibe, belirlenen evrak kayd\u0131n\u0131n aktar\u0131m\u0131<\/li>\n\n\n\n<li> Standart evrak metinleri olu\u015fturabilme<\/li>\n\n\n\n<li> Standart evrak metinleri \u00fczerinde k\u00fc\u00e7\u00fck de\u011fi\u015fiklikler yap\u0131larak s\u00fcrecin h\u0131zland\u0131r\u0131lmas\u0131<\/li>\n\n\n\n<li> Standart olmayan metinlerin kolayl\u0131kla uygulama \u00fczerinde haz\u0131rlanmas\u0131<\/li>\n\n\n\n<li> Onay s\u00fcreci<\/li>\n\n\n\n<li> Elektronik \u0130mza ge\u00e7erlilik sorgulama<\/li>\n\n\n\n<li> Belgenin imzalanmas\u0131<\/li>\n\n\n\n<li> KEP \u00fczerinden belgenin g\u00f6nderilmesi<\/li>\n\n\n\n<li> G\u00f6nderilen belgenin dijital olarak saklanmas\u0131<\/li>\n<\/ul>\n\n\n\n<p>Uygulama mobil cihazlara uyumludur.<\/p>\n<\/div><\/div>\n\n\n\n<div class=\"wp-block-media-text alignfull has-media-on-the-right is-stacked-on-mobile has-background-background-color has-background\" style=\"grid-template-columns:auto 40%\"><div class=\"wp-block-media-text__content\">\n<p class=\"has-big-font-size\"><strong>Ar\u015fiv Sistemi<\/strong><\/p>\n\n\n\n<p>Dijital Ar\u015fiv uygulamam\u0131z, ar\u015fiv sistemine aktar\u0131lan t\u00fcm bilgilerin kullan\u0131lmas\u0131na olanak sa\u011flayan yaz\u0131l\u0131md\u0131r.<\/p>\n\n\n\n<ul class=\"wp-block-list\">\n<li> Sisteme aktar\u0131lan t\u00fcm verilerin tek platform i\u00e7inde yer almas\u0131n\u0131 sa\u011flar<\/li>\n\n\n\n<li> \u0130stenilen belgelere tek platform i\u00e7inden arama kolayl\u0131\u011f\u0131 sa\u011flar<\/li>\n\n\n\n<li> Evrak ile ilgili ge\u00e7mi\u015f tarih\u00e7eye eri\u015fim olana\u011f\u0131 sa\u011flar<\/li>\n\n\n\n<li> Birden \u00e7ok ki\u015fi ayn\u0131 belgeye ula\u015fabilir<\/li>\n\n\n\n<li> Belge t\u00fcr\u00fc baz\u0131nda eri\u015fim olana\u011f\u0131 tan\u0131mlanabilir<\/li>\n\n\n\n<li> \u0130stenildi\u011finde \u00e7\u0131kt\u0131 al\u0131nabilir<\/li>\n\n\n\n<li> Belgenin, fiziksel ar\u015fiv yerine ula\u015f\u0131labilir<\/li>\n\n\n\n<li> Fiziksel Ar\u015fivden ihtiya\u00e7 duyulan belge temin edilir<\/li>\n<\/ul>\n\n\n\n<p>Uygulama mobil cihazlara uyumludur.<\/p>\n<\/div><figure class=\"wp-block-media-text__media\"><img loading=\"lazy\" decoding=\"async\" width=\"624\" height=\"420\" src=\"http:\/\/www.colab.com.tr\/wp-content\/uploads\/2023\/04\/arcv-1.jpg\" alt=\"\" class=\"wp-image-117 size-full\" srcset=\"http:\/\/www.colab.com.tr\/wp-content\/uploads\/2023\/04\/arcv-1.jpg 624w, http:\/\/www.colab.com.tr\/wp-content\/uploads\/2023\/04\/arcv-1-300x202.jpg 300w\" sizes=\"auto, (max-width: 624px) 100vw, 624px\" \/><\/figure><\/div>\n\n\n\n<div class=\"wp-block-columns alignfull are-vertically-aligned-center has-background is-layout-flex wp-container-core-columns-is-layout-28f84493 wp-block-columns-is-layout-flex\" style=\"background-color:#24d6a126\">\n<div class=\"wp-block-column is-vertically-aligned-center is-layout-flow wp-block-column-is-layout-flow\" style=\"flex-basis:40%\">\n<figure class=\"wp-block-image\"><img loading=\"lazy\" decoding=\"async\" width=\"475\" height=\"306\" src=\"http:\/\/www.colab.com.tr\/wp-content\/uploads\/2023\/04\/stn.jpg\" alt=\"\" class=\"wp-image-126\" srcset=\"http:\/\/www.colab.com.tr\/wp-content\/uploads\/2023\/04\/stn.jpg 475w, http:\/\/www.colab.com.tr\/wp-content\/uploads\/2023\/04\/stn-300x193.jpg 300w\" sizes=\"auto, (max-width: 475px) 100vw, 475px\" \/><\/figure>\n<\/div>\n\n\n\n<div class=\"wp-block-column is-vertically-aligned-center is-layout-flow wp-block-column-is-layout-flow\" style=\"flex-basis:60%\">\n<p class=\"has-big-font-size\"><strong>Sat\u0131nalma ve Tedarik Zinciri Y\u00f6netimi<\/strong><\/p>\n\n\n\n<p>Sat\u0131nalma ve Tedarik Zinciri Mod\u00fcl\u00fc, kurum ve \u015firketlere, sat\u0131nalma i\u015flemlerini tamamen entegre bir yap\u0131yla ger\u00e7ekle\u015ftirme olana\u011f\u0131 sunar ve sa\u011flad\u0131\u011f\u0131 optimizasyon potansiyeli ile firma ve kurumlara de\u011fer katar.<\/p>\n\n\n\n<p><strong>Talep Olu\u015fturma<\/strong><\/p>\n\n\n\n<ul class=\"wp-block-list\">\n<li> \u0130htiya\u00e7 duyulan malzeme veya hizmetin ilgili ki\u015filer taraf\u0131ndan sipari\u015f olarak olu\u015fturulur<\/li>\n\n\n\n<li> Malzeme veya hizmet, tan\u0131ml\u0131 de\u011filse talep olu\u015fturur<\/li>\n\n\n\n<li> Malzeme veya hizmetin tan\u0131mlanmas\u0131ndan sonra talep olu\u015fturulur<\/li>\n\n\n\n<li> Kurum iste\u011fine ba\u011fl\u0131 olarak talebin y\u00f6netici onay\u0131 al\u0131nabilir<\/li>\n\n\n\n<li> Onay sonras\u0131 sat\u0131nalma s\u00fcrecinin ba\u015flar<\/li>\n<\/ul>\n\n\n\n<p><strong>Sat\u0131nalma S\u00fcreci<\/strong><\/p>\n\n\n\n<ul class=\"wp-block-list\">\n<li> Sat\u0131nalma ekibine d\u00fc\u015fen talep i\u00e7in ilgili tedarik\u00e7ilere (tamam\u0131na veya se\u00e7ilerek) e-mail g\u00f6nderimi yap\u0131l\u0131r.<\/li>\n\n\n\n<li> Tedarik\u00e7ilerden gelen teklifler de\u011ferlendirilir<\/li>\n\n\n\n<li> De\u011ferlendirme istenirse onaya g\u00f6nderilir<\/li>\n\n\n\n<li> Teklifi en uygun tedarik\u00e7i belirlenir ve sipari\u015f bilgilendirmesi yap\u0131l\u0131r<\/li>\n\n\n\n<li> Kurum iste\u011fine ba\u011fl\u0131 olarak onay mekanizmas\u0131 s\u00fcrece eklenir<\/li>\n<\/ul>\n\n\n\n<p><strong>Malzeme veya Hizmetin Temin Edilmesi<\/strong><\/p>\n\n\n\n<ul class=\"wp-block-list\">\n<li> Tedarik\u00e7i istenen hizmet veya malzemeyi teslim eder<\/li>\n\n\n\n<li> Gerekli kontroller sonras\u0131 malzeme teslim al\u0131n\u0131r<\/li>\n\n\n\n<li> Teslim al\u0131nan,<\/li>\n\n\n\n<li> E\u011fer malzeme ise stok giri\u015fi<\/li>\n\n\n\n<li> E\u011fer hizmet ise teslim al\u0131nd\u0131\u011f\u0131 belirlenir<\/li>\n\n\n\n<li> Depo Y\u00f6netim s\u00fcreci ba\u015flar<\/li>\n<\/ul>\n\n\n\n<p><strong>Entegrasyon<\/strong><\/p>\n\n\n\n<ul class=\"wp-block-list\">\n<li> Sat\u0131nalma mod\u00fcl\u00fcnde, do\u011frudan m\u00fc\u015fterilere a\u00e7\u0131lan sipari\u015fler nedeniyle ba\u015flat\u0131lm\u0131\u015f sat\u0131nalma i\u015flemlerine y\u00f6nelik otomatik hesap tayini \u00f6zelli\u011fi mevcuttur.<\/li>\n\n\n\n<li> Hesap tayini, kurum talebine g\u00f6re sipari\u015fle veya s\u00fcrecin belirli bir a\u015famas\u0131nda ger\u00e7ekle\u015ftirilir. Daha sonra as\u0131l sipari\u015fe aktar\u0131l\u0131r.<\/li>\n\n\n\n<li> Benzer \u015fekilde farkl\u0131 alanlar talebe entegre (proje, i\u015f emri, demirba\u015f vb) edilebilir<\/li>\n<\/ul>\n<\/div>\n<\/div>\n\n\n\n<div class=\"wp-block-media-text alignfull has-media-on-the-right is-stacked-on-mobile\" style=\"grid-template-columns:auto 40%\"><div class=\"wp-block-media-text__content\">\n<p class=\"has-big-font-size\"><strong>Depo Y\u00f6netimi<\/strong><\/p>\n\n\n\n<p>T\u00fcm depo s\u00fcre\u00e7lerinin tek noktadan y\u00f6netilip takip edilebildi\u011fi ve otomasyon sayesinde insan kaynakl\u0131 hatalar\u0131n en aza indirilmesini sa\u011flayan Depo Y\u00f6netimi maliyetleri d\u00fc\u015f\u00fcrmenize, verimlili\u011fi art\u0131rman\u0131za yard\u0131mc\u0131 olur.<\/p>\n\n\n\n<ul class=\"wp-block-list\">\n<li> Stok Malzeme &amp; Hizmet Kartlar\u0131\n<ul class=\"wp-block-list\">\n<li> Malzeme Al\u0131\u015f\n<ul class=\"wp-block-list\">\n<li> Sat\u0131nalma Mod\u00fcl\u00fcnden gelen sipari\u015fler, sipari\u015f teslim edildi\u011finde stok giri\u015fi yap\u0131l\u0131r.<\/li>\n\n\n\n<li> Stok giri\u015fleri al\u0131m yap\u0131lan fiyata, para birimi ve kura g\u00f6re takip edilebilir<\/li>\n\n\n\n<li> Stok giri\u015fleri proje veya m\u00fc\u015fteri bazl\u0131 takip edilebilir<\/li>\n\n\n\n<li> Barkod entegre edilebilir<\/li>\n<\/ul>\n<\/li>\n\n\n\n<li>Malzeme Sat\u0131\u015f\n<ul class=\"wp-block-list\">\n<li> Malzeme sat\u0131\u015flar\u0131 istenilen para birimi \u00fczerinden yap\u0131labilir<\/li>\n\n\n\n<li> Standart fiyatla veya g\u00fcnl\u00fck kur \u00fczerinden \u00e7\u0131k\u0131\u015flar yap\u0131labilir,<\/li>\n\n\n\n<li> Proje veya m\u00fc\u015fteri bazl\u0131 takip yap\u0131labilir<\/li>\n\n\n\n<li> Barkod entegre edilebilir<\/li>\n<\/ul>\n<\/li>\n<\/ul>\n<\/li>\n\n\n\n<li> M\u00fc\u015fteri &amp; Sat\u0131c\u0131 Stok Bilgileri\n<ul class=\"wp-block-list\">\n<li> M\u00fc\u015fteri ve sat\u0131c\u0131lar baz\u0131nda stok kodu olu\u015fturabilme<\/li>\n\n\n\n<li> \u0130rsaliye ve faturalar\u0131n kendi stok kodlar\u0131 olu\u015fturabilme<\/li>\n\n\n\n<li> Her m\u00fc\u015fteri ve sat\u0131c\u0131 i\u00e7in mal kodu, ad\u0131, barkod numaras\u0131 tan\u0131mlamas\u0131 yap\u0131labilir ve t\u00fcm evraklarda bu kodlar kullan\u0131larak i\u015flem yap\u0131labilmesi<\/li>\n<\/ul>\n<\/li>\n\n\n\n<li> Raporlama<\/li>\n\n\n\n<li> Stok Raporlar\u0131Stok hesap ekstresi (d\u00f6vizli, lokal para birimli)<\/li>\n\n\n\n<li> Stok ya\u015fland\u0131rma (d\u00f6vizli, lokal para birimli)<\/li>\n\n\n\n<li> Maliyet analizleri<\/li>\n\n\n\n<li> M\u00fc\u015fteri\/\u00fcr\u00fcn k\u00e2rl\u0131l\u0131k analizleri<\/li>\n\n\n\n<li> Hareket analizleri (sipari\u015f, irsaliye, fatura, depo vb.)<\/li>\n\n\n\n<li> Sipari\u015f listeleri<\/li>\n\n\n\n<li> Ayl\u0131k sat\u0131\u015f\/al\u0131\u015f analizleri<\/li>\n\n\n\n<li> Kullan\u0131c\u0131 tan\u0131ml\u0131 raporlar<\/li>\n<\/ul>\n<\/div><figure class=\"wp-block-media-text__media\"><img loading=\"lazy\" decoding=\"async\" width=\"624\" height=\"365\" src=\"http:\/\/www.colab.com.tr\/wp-content\/uploads\/2023\/04\/dpo.jpg\" alt=\"\" class=\"wp-image-121 size-full\" srcset=\"http:\/\/www.colab.com.tr\/wp-content\/uploads\/2023\/04\/dpo.jpg 624w, http:\/\/www.colab.com.tr\/wp-content\/uploads\/2023\/04\/dpo-300x175.jpg 300w\" sizes=\"auto, (max-width: 624px) 100vw, 624px\" \/><\/figure><\/div>\n\n\n\n<div class=\"wp-block-media-text alignfull is-stacked-on-mobile has-background\" style=\"background-color:#9b51e01c;grid-template-columns:40% auto\"><figure class=\"wp-block-media-text__media\"><img loading=\"lazy\" decoding=\"async\" width=\"624\" height=\"355\" src=\"http:\/\/www.colab.com.tr\/wp-content\/uploads\/2023\/04\/crm.jpg\" alt=\"\" class=\"wp-image-119 size-full\" srcset=\"http:\/\/www.colab.com.tr\/wp-content\/uploads\/2023\/04\/crm.jpg 624w, http:\/\/www.colab.com.tr\/wp-content\/uploads\/2023\/04\/crm-300x171.jpg 300w\" sizes=\"auto, (max-width: 624px) 100vw, 624px\" \/><\/figure><div class=\"wp-block-media-text__content\">\n<p class=\"has-big-font-size\"><strong>CRM<\/strong><\/p>\n\n\n\n<p>CRM (Customer Relationship Management) \u2013 M\u00fc\u015fteri \u0130li\u015fkileri Y\u00f6netimi mod\u00fcl\u00fcn\u00fcn entegre yap\u0131s\u0131 sayesinde veriler, merkezi olarak kaydedilir ve y\u00f6netilir.<\/p>\n\n\n\n<ul class=\"wp-block-list\">\n<li> M\u00fc\u015fteri verilerinin, gereksinimlere uygun olarak tutulmas\u0131,<\/li>\n\n\n\n<li> Aday m\u00fc\u015fteriler i\u00e7in \u00f6zel yakla\u015f\u0131mlarda bulunulmas\u0131,<\/li>\n\n\n\n<li> M\u00fc\u015fteri ili\u015fkileri kapsam\u0131nda taleplere h\u0131zl\u0131 bir \u015fekilde cevap verilebilmesi,<\/li>\n\n\n\n<li> Di\u011fer mod\u00fcl veya farkl\u0131 yaz\u0131l\u0131mlara entegre edilebilmesi,<\/li>\n<\/ul>\n\n\n\n<p>sayesinde verilerinizin merkezi olarak kaydedilebilmesi ve y\u00f6netilebilmesi b\u00fcy\u00fck avantaj sunar.<\/p>\n\n\n\n<p>Bu noktada yap\u0131land\u0131r\u0131lm\u0131\u015f bir veri taban\u0131n\u0131n olmas\u0131 \u00e7ok \u00f6nemlidir.<\/p>\n<\/div><\/div>\n\n\n\n<div class=\"wp-block-media-text alignfull has-media-on-the-right is-stacked-on-mobile\" style=\"grid-template-columns:auto 40%\"><div class=\"wp-block-media-text__content\">\n<p class=\"has-big-font-size\"><strong>\u0130nsan Kaynaklar\u0131 Y\u00f6netim Uygulamas\u0131<\/strong><\/p>\n\n\n\n<p>\u0130nsan Kaynaklar\u0131 \u00e7\u00f6z\u00fcm\u00fcndeki izin y\u00f6netimi ve onay s\u00fcre\u00e7leri, her t\u00fcrl\u00fc izin tiplerini belirleyip takip ederek, daha etkin planlama ve zaman y\u00f6netimine imkan sunmaktad\u0131r. Bu s\u00fcre\u00e7te;<\/p>\n\n\n\n<ul class=\"wp-block-list\">\n<li> Elektronik ortamda izin talep ve onay s\u00fcreci, izin<\/li>\n\n\n\n<li> Uygulamalar\u0131n\u0131n bordro ile ili\u015fkilendirilmesi,<\/li>\n\n\n\n<li> Otomatik y\u0131ll\u0131k izin hak edi\u015fleri,<\/li>\n\n\n\n<li> Elektronik ortamda onay zinciri,<\/li>\n\n\n\n<li> \u0130zin t\u00fcrlerine g\u00f6re di\u011fer mod\u00fcller ile ili\u015fkilendirme,<\/li>\n\n\n\n<li> Telafi izin ve telafi \u00e7al\u0131\u015fma y\u00f6ntemlerini olu\u015fturma,<\/li>\n\n\n\n<li> Yasal ve idari raporlar\u0131n \u00fcretilmesi ve pdks sistemi ile ili\u015fkilendirme ve puantaja aktar\u0131m imkanlar\u0131<\/li>\n<\/ul>\n<\/div><figure class=\"wp-block-media-text__media\"><img loading=\"lazy\" decoding=\"async\" width=\"498\" height=\"352\" src=\"http:\/\/www.colab.com.tr\/wp-content\/uploads\/2023\/04\/hr.jpg\" alt=\"\" class=\"wp-image-123 size-full\" srcset=\"http:\/\/www.colab.com.tr\/wp-content\/uploads\/2023\/04\/hr.jpg 498w, http:\/\/www.colab.com.tr\/wp-content\/uploads\/2023\/04\/hr-300x212.jpg 300w\" sizes=\"auto, (max-width: 498px) 100vw, 498px\" \/><\/figure><\/div>\n\n\n\n<div class=\"wp-block-media-text alignfull is-stacked-on-mobile has-background\" style=\"background-color:#ff6a000d;grid-template-columns:40% auto\"><figure class=\"wp-block-media-text__media\"><img loading=\"lazy\" decoding=\"async\" width=\"527\" height=\"308\" src=\"http:\/\/www.colab.com.tr\/wp-content\/uploads\/2023\/04\/bsn.jpg\" alt=\"\" class=\"wp-image-118 size-full\" srcset=\"http:\/\/www.colab.com.tr\/wp-content\/uploads\/2023\/04\/bsn.jpg 527w, http:\/\/www.colab.com.tr\/wp-content\/uploads\/2023\/04\/bsn-300x175.jpg 300w\" sizes=\"auto, (max-width: 527px) 100vw, 527px\" \/><\/figure><div class=\"wp-block-media-text__content\">\n<p class=\"has-big-font-size\"><strong>\u0130\u015f Y\u00f6netim Uygulamas\u0131<\/strong><\/p>\n\n\n\n<p>\u0130\u015f y\u00f6netimi yaz\u0131l\u0131m\u0131n\u0131 kullanarak, firman\u0131zda y\u00fcr\u00fct\u00fclen i\u015flerin takibini, b\u00f6l\u00fcmler aras\u0131 ge\u00e7i\u015fler yaparak d\u00fczenleyebilirsiniz.<\/p>\n\n\n\n<ul class=\"wp-block-list\">\n<li> Firma i\u00e7inde yap\u0131lmakta olan i\u015fin belirlenmesi,<\/li>\n\n\n\n<li> Belirlenen i\u015fin a\u015famalar\u0131 ve onay mekanizmalar\u0131,<\/li>\n\n\n\n<li> B\u00f6l\u00fcmler aras\u0131 i\u015f ge\u00e7i\u015flerinin yap\u0131lmas\u0131 ve takibi,<\/li>\n\n\n\n<li> Yap\u0131lan i\u015fin zaman\u0131 ve kalitesinin takibi,<\/li>\n\n\n\n<li> \u0130\u015f yap\u0131l\u0131rken kullan\u0131lan malzeme ve hizmetin belirlenebilmesi,<\/li>\n\n\n\n<li> Di\u011fer mod\u00fcllere ge\u00e7i\u015f veya tetikleme yap\u0131labilmesi,<\/li>\n<\/ul>\n<\/div><\/div>\n\n\n\n<div class=\"wp-block-media-text alignfull has-media-on-the-right is-stacked-on-mobile\" style=\"grid-template-columns:auto 40%\"><div class=\"wp-block-media-text__content\">\n<p class=\"has-big-font-size\"><strong>Kalite Y\u00f6netim Takip Sistemi<\/strong><\/p>\n\n\n\n<p>Kurum ve Firmalar\u0131n, kendi b\u00fcnyelerinde belirledikleri i\u015fleri \u201cKalite Y\u00f6netim Belgeleri\u201d ile belgelemek ve bu belgelerin devaml\u0131l\u0131\u011f\u0131n\u0131 sa\u011flamak i\u00e7in, belirlenen kriterleri takip etmek zorundad\u0131r.<\/p>\n\n\n\n<ul class=\"wp-block-list\">\n<li> T\u00fcm proses ve \u00fcr\u00fcnlerin kalite kontrol tan\u0131mlar\u0131 yap\u0131larak haz\u0131rlanan belgelerin hangi belgeye istinaden al\u0131nd\u0131\u011f\u0131,<\/li>\n\n\n\n<li> Haz\u0131rlanm\u0131\u015f belgenin, al\u0131nan belgeye g\u00f6re hangi gruba ait oldu\u011fu<\/li>\n\n\n\n<li> Ge\u00e7erlilik s\u00fcrelerinin takip edebilme,<\/li>\n\n\n\n<li> Belirlenecek yetkilendirmelere g\u00f6re, t\u00fcm belgelerin takip edilebilir olmas\u0131,<\/li>\n\n\n\n<li> Eski veya s\u00fcresi dolan belgelerin takip edilebilmesi<\/li>\n<\/ul>\n<\/div><figure class=\"wp-block-media-text__media\"><img loading=\"lazy\" decoding=\"async\" width=\"514\" height=\"325\" src=\"http:\/\/www.colab.com.tr\/wp-content\/uploads\/2023\/04\/qlt.jpg\" alt=\"\" class=\"wp-image-125 size-full\" srcset=\"http:\/\/www.colab.com.tr\/wp-content\/uploads\/2023\/04\/qlt.jpg 514w, http:\/\/www.colab.com.tr\/wp-content\/uploads\/2023\/04\/qlt-300x190.jpg 300w\" sizes=\"auto, (max-width: 514px) 100vw, 514px\" \/><\/figure><\/div>\n\n\n\n<div class=\"wp-block-media-text alignfull is-stacked-on-mobile has-background\" style=\"background-color:#0792e30f;grid-template-columns:40% auto\"><figure class=\"wp-block-media-text__media\"><img loading=\"lazy\" decoding=\"async\" width=\"614\" height=\"354\" src=\"http:\/\/www.colab.com.tr\/wp-content\/uploads\/2023\/04\/prf.jpg\" alt=\"\" class=\"wp-image-124 size-full\" srcset=\"http:\/\/www.colab.com.tr\/wp-content\/uploads\/2023\/04\/prf.jpg 614w, http:\/\/www.colab.com.tr\/wp-content\/uploads\/2023\/04\/prf-300x173.jpg 300w\" sizes=\"auto, (max-width: 614px) 100vw, 614px\" \/><\/figure><div class=\"wp-block-media-text__content\">\n<p class=\"has-big-font-size\"><strong>Performans Y\u00f6netim Takip Sistemi<\/strong><\/p>\n\n\n\n<p>Kurum ve Firmalar\u0131n, personel, b\u00f6l\u00fcm veya gruplar baz\u0131nda belirlenen d\u00f6nemsel performans hedeflerinin belirlendi\u011fi ve takip edildi\u011fi mod\u00fcld\u00fcr.<\/p>\n\n\n\n<ul class=\"wp-block-list\">\n<li> Performans hedeflerinin belirlenmesi ve girilmesi,<\/li>\n\n\n\n<li> Kriterlerin ilgili yaz\u0131l\u0131mlardan online olarak gelmesi,<\/li>\n\n\n\n<li> Grafik sonu\u00e7lara eri\u015fim ve raporlama,<\/li>\n\n\n\n<li> Stratejik hedeflere eri\u015fimin takibi,<\/li>\n\n\n\n<li> Geli\u015fim alanlar\u0131n\u0131n ortaya \u00e7\u0131kmas\u0131,<\/li>\n\n\n\n<li> Gelece\u011fe ait planlar\u0131n belirlenmesi<\/li>\n<\/ul>\n<\/div><\/div>\n\n\n\n<div class=\"wp-block-media-text alignfull has-media-on-the-right is-stacked-on-mobile\" style=\"grid-template-columns:auto 40%\"><div class=\"wp-block-media-text__content\">\n<p class=\"has-big-font-size\"><strong>Organize Sanayi B\u00f6lgeleri \u0130\u015f ve S\u00fcre\u00e7 Y\u00f6netim Yaz\u0131l\u0131m\u0131<\/strong><\/p>\n\n\n\n<p>Organize Sanayi B\u00f6lgeleri taraf\u0131ndan y\u00fcr\u00fct\u00fclmekte olan faaliyetlerin dijital ortamda takibini ve muhasebeye aktar\u0131m\u0131n\u0131 sa\u011flayan paket programd\u0131r.<\/p>\n\n\n\n<p>Paket program i\u00e7inde yer alan mod\u00fcller a\u015fa\u011f\u0131dad\u0131r.<\/p>\n\n\n\n<ul class=\"wp-block-list\">\n<li> Elektronik \u0130mza<\/li>\n\n\n\n<li> Ar\u015fiv Y\u00f6netimi<\/li>\n\n\n\n<li> Evrak Y\u00f6netimi<\/li>\n\n\n\n<li> \u0130\u015f ve S\u00fcre\u00e7 Takip Y\u00f6netim<\/li>\n\n\n\n<li> Parsel Y\u00f6netim<\/li>\n\n\n\n<li> Sanayi &amp; CRM Y\u00f6netim<\/li>\n\n\n\n<li> Sat\u0131nalma ve Tedarik Y\u00f6netimi<\/li>\n\n\n\n<li> Depo Y\u00f6netimi<\/li>\n\n\n\n<li> Hizmet Bedelleri S\u00fcreci,\n<ul class=\"wp-block-list\">\n<li> Elektrik, Do\u011falgaz, Su, Is\u0131nma (Pay \u00d6l\u00e7er) uzaktan okuma verilerinin al\u0131nmas\u0131,<\/li>\n\n\n\n<li> T\u00fcketim Verilerine G\u00f6re Hesaplama<\/li>\n\n\n\n<li> Y\u00f6netim Aidat Hesaplama<\/li>\n\n\n\n<li> Kira \u0130\u015flemleri<\/li>\n\n\n\n<li> At\u0131k \u0130\u015flemleri\n<ul class=\"wp-block-list\">\n<li> Kimyasal At\u0131k Y\u00f6netimi<\/li>\n\n\n\n<li> Evsel At\u0131k Y\u00f6netimi<\/li>\n<\/ul>\n<\/li>\n\n\n\n<li> Organize Sanayi B\u00f6lgesi Hizmet Kalemleri<\/li>\n<\/ul>\n<\/li>\n\n\n\n<li> Laboratuvar \u0130\u015flemleri Y\u00f6netimi<\/li>\n\n\n\n<li> \u0130statistiki Raporlama<\/li>\n\n\n\n<li> \u0130nsan Kaynaklar\u0131 \u0130zin Y\u00f6netim ve Takip Sistemi,<\/li>\n<\/ul>\n\n\n\n<ul class=\"wp-block-list\"><\/ul>\n<\/div><figure class=\"wp-block-media-text__media\"><img loading=\"lazy\" decoding=\"async\" width=\"601\" height=\"396\" src=\"http:\/\/www.colab.com.tr\/wp-content\/uploads\/2023\/04\/osb-1erp.jpg\" alt=\"\" class=\"wp-image-168 size-full\" srcset=\"http:\/\/www.colab.com.tr\/wp-content\/uploads\/2023\/04\/osb-1erp.jpg 601w, http:\/\/www.colab.com.tr\/wp-content\/uploads\/2023\/04\/osb-1erp-300x198.jpg 300w\" sizes=\"auto, (max-width: 601px) 100vw, 601px\" \/><\/figure><\/div>\n","protected":false},"excerpt":{"rendered":"<p>G\u00fc\u00e7l\u00fc teknolojik ve sekt\u00f6rel operasyon deneyimimizi t\u00fcm \u00fcr\u00fcnlerimize yans\u0131tarak farkl\u0131l\u0131\u011f\u0131m\u0131z\u0131 ortaya koyuyoruz. M\u00fc\u015fterilerimize stratejik i\u015fbirli\u011fi [&hellip;]<\/p>\n","protected":false},"author":1,"featured_media":0,"parent":0,"menu_order":0,"comment_status":"closed","ping_status":"closed","template":"","meta":{"footnotes":""},"class_list":["post-134","page","type-page","status-publish","hentry"],"_links":{"self":[{"href":"http:\/\/www.colab.com.tr\/index.php?rest_route=\/wp\/v2\/pages\/134","targetHints":{"allow":["GET"]}}],"collection":[{"href":"http:\/\/www.colab.com.tr\/index.php?rest_route=\/wp\/v2\/pages"}],"about":[{"href":"http:\/\/www.colab.com.tr\/index.php?rest_route=\/wp\/v2\/types\/page"}],"author":[{"embeddable":true,"href":"http:\/\/www.colab.com.tr\/index.php?rest_route=\/wp\/v2\/users\/1"}],"replies":[{"embeddable":true,"href":"http:\/\/www.colab.com.tr\/index.php?rest_route=%2Fwp%2Fv2%2Fcomments&post=134"}],"version-history":[{"count":12,"href":"http:\/\/www.colab.com.tr\/index.php?rest_route=\/wp\/v2\/pages\/134\/revisions"}],"predecessor-version":[{"id":171,"href":"http:\/\/www.colab.com.tr\/index.php?rest_route=\/wp\/v2\/pages\/134\/revisions\/171"}],"wp:attachment":[{"href":"http:\/\/www.colab.com.tr\/index.php?rest_route=%2Fwp%2Fv2%2Fmedia&parent=134"}],"curies":[{"name":"wp","href":"https:\/\/api.w.org\/{rel}","templated":true}]}}